{"id":29,"date":"2015-10-25T14:44:48","date_gmt":"2015-10-25T13:44:48","guid":{"rendered":"http:\/\/fis-stetten.de\/wordpress\/?page_id=29"},"modified":"2015-12-05T11:20:26","modified_gmt":"2015-12-05T10:20:26","slug":"links","status":"publish","type":"page","link":"http:\/\/fis-stetten.de\/wordpress\/links\/","title":{"rendered":"Links"},"content":{"rendered":"<h3><strong>Benachbarte Asyl-Gruppen<\/strong><\/h3>\n<p>Freundeskreis Asyl Ostfildern | <a href=\"http:\/\/www.fkasyl-ostfildern\/\" target=\"_blank\">www.fkasyl-ostfildern<br \/>\n<\/a>AK Asyl LE | <a href=\"http:\/\/www.ak-asyl-le.de\/\" target=\"_blank\">www.ak-asyl-le.de<br \/>\n<\/a>Freundeskreis Kriegsfl\u00fcchtlinge LE<br \/>\nAK Asyl Ludwigsburg | <a href=\"http:\/\/www.ak-asyl-ludwigsburg.de\/\" target=\"_blank\">www.ak-asyl-ludwigsburg.de<\/a><\/p>\n<h3><strong>Organisationen und gute Informationen<br \/>\nf\u00fcr HelferInnen:<\/strong><\/h3>\n<p>Pro Asyl | <a href=\"http:\/\/www.proasyl.de\/\" target=\"_blank\">www.proasyl.de<br \/>\n<\/a>Interkulturelle Woche | <a href=\"http:\/\/www.interkulturellewoche.de\/\" target=\"_blank\">www.interkulturellewoche.de<br \/>\n<\/a>Kreisdiakonieamt | <a href=\"http:\/\/www.kreisdiakonie-esslingen.de\/\" target=\"_blank\">www.kreisdiakonie-esslingen.de<br \/>\n<\/a>Newsletter Diakonie Deutschland bestellen bei: <a href=\"mailto:roeger@diakonie.de?Subject=Newsletter Diakonie\" target=\"_blank\">roeger@diakonie.de<br \/>\n<\/a>Fl\u00fcchtlingsrat | <a href=\"http:\/\/www.fluechtlingsrat-bw.de\/\" target=\"_blank\">www.fluechtlingsrat-bw.de<br \/>\n<\/a>Land Baden-W\u00fcrttemberg Fl\u00fcchtlingshilfe | <a href=\"http:\/\/www.fluechtlingshilfe-bw.de\/\" target=\"_blank\">www.fluechtlingshilfe-bw.de<br \/>\n<\/a>Handbuch f\u00fcr Ehrenamtliche | <a href=\"http:\/\/www.fluechtlingshilfe-bw.de\/praxistipps\/handbuch\/\" target=\"_blank\">www.fluechtlingshilfe-bw.de\/praxistipps\/handbuch\/<\/a><\/p>\n<h3><strong>\u00c4mter und offizielle Stellen<\/strong><\/h3>\n<p>Jobcenter Esslingen | <a href=\"http:\/\/www.jobcenter-landkreis-esslingen.de\/\" target=\"_blank\">www.jobcenter-landkreis-esslingen.de<br \/>\n<\/a>AWO Kreis Esslingen | <a href=\"http:\/\/www.awo-es.de\/\" target=\"_blank\">www.awo-es.de<br \/>\n<\/a>Landkreis Esslingen | <a href=\"http:\/\/www.landkreis-esslingen.de\/Lde\/start\/landkreis\/Spezialnews+-+Fluechtlingsarbeit.html\" target=\"_blank\">Seite zur Fl\u00fcchtlingsarbeit<\/a><\/p>\n<h3><strong>Radio und Fernsehen f\u00fcr Fl\u00fcchtlinge<\/strong><\/h3>\n<p>ARD Fernsehen | <a href=\"http:\/\/www.ard.de\/home\/ard\/Guide_for_refugees\/2214428\/index.html\" target=\"_blank\">Guide for refugees<\/a><br \/>\nWDR Fernsehen | <a href=\"http:\/\/www.wdrmaus.de\/sachgeschichten\/maus-international\/?utm_source=Themen-Alert+Mediendienst+Integration&amp;utm_campaign=e45dc73941-Oktober+2015&amp;utm_medium=email&amp;utm_term=0_e43692422d-e45dc73941-105794745\" target=\"_blank\">Sendung mit der Maus in verschiedenen Sprachen<\/a><br \/>\nWDR Radio-Programm f\u00fcr Fl\u00fcchtlinge | <a href=\"http:\/\/www.funkhauseuropa.de\/sendungen\/refugeeradio\/index184.html\" target=\"_blank\">www.funkhauseuropa.de<\/a><\/p>\n","protected":false},"excerpt":{"rendered":"<p>Benachbarte Asyl-Gruppen Freundeskreis Asyl Ostfildern | www.fkasyl-ostfildern AK Asyl LE | www.ak-asyl-le.de Freundeskreis Kriegsfl\u00fcchtlinge LE AK Asyl Ludwigsburg | www.ak-asyl-ludwigsburg.de Organisationen und gute Informationen f\u00fcr HelferInnen: Pro Asyl | www.proasyl.de Interkulturelle Woche | www.interkulturellewoche.de Kreisdiakonieamt | www.kreisdiakonie-esslingen.de Newsletter Diakonie Deutschland bestellen bei: roeger@diakonie.de Fl\u00fcchtlingsrat | www.fluechtlingsrat-bw.de Land Baden-W\u00fcrttemberg Fl\u00fcchtlingshilfe | www.fluechtlingshilfe-bw.de Handbuch f\u00fcr Ehrenamtliche | &hellip; <a href=\"http:\/\/fis-stetten.de\/wordpress\/links\/\" class=\"more-link\"><span class=\"screen-reader-text\">Links<\/span> weiterlesen <span class=\"meta-nav\">&rarr;<\/span><\/a><\/p>\n","protected":false},"author":1,"featured_media":0,"parent":0,"menu_order":0,"comment_status":"closed","ping_status":"closed","template":"","meta":[],"_links":{"self":[{"href":"http:\/\/fis-stetten.de\/wordpress\/wp-json\/wp\/v2\/pages\/29"}],"collection":[{"href":"http:\/\/fis-stetten.de\/wordpress\/wp-json\/wp\/v2\/pages"}],"about":[{"href":"http:\/\/fis-stetten.de\/wordpress\/wp-json\/wp\/v2\/types\/page"}],"author":[{"embeddable":true,"href":"http:\/\/fis-stetten.de\/wordpress\/wp-json\/wp\/v2\/users\/1"}],"replies":[{"embeddable":true,"href":"http:\/\/fis-stetten.de\/wordpress\/wp-json\/wp\/v2\/comments?post=29"}],"version-history":[{"count":14,"href":"http:\/\/fis-stetten.de\/wordpress\/wp-json\/wp\/v2\/pages\/29\/revisions"}],"predecessor-version":[{"id":125,"href":"http:\/\/fis-stetten.de\/wordpress\/wp-json\/wp\/v2\/pages\/29\/revisions\/125"}],"wp:attachment":[{"href":"http:\/\/fis-stetten.de\/wordpress\/wp-json\/wp\/v2\/media?parent=29"}],"curies":[{"name":"wp","href":"https:\/\/api.w.org\/{rel}","templated":true}]}}