{"id":16,"date":"2015-10-25T14:05:51","date_gmt":"2015-10-25T13:05:51","guid":{"rendered":"http:\/\/fis-stetten.de\/wordpress\/?page_id=16"},"modified":"2022-04-22T12:24:44","modified_gmt":"2022-04-22T10:24:44","slug":"ueber-fis","status":"publish","type":"page","link":"http:\/\/fis-stetten.de\/wordpress\/ueber-fis\/","title":{"rendered":"\u00dcber FiS"},"content":{"rendered":"<p>FiS ist eine Gruppe von Ehrenamtlichen, derzeit 60 bis 80 Personen, die sich f\u00fcr die Fl\u00fcchtlingsarbeit im N\u00f6dinger Hof in Leinfelden-Echterdingen Stetten engagieren. Wir verstehen uns als \u00fcberkonfessionelle und offene Arbeit.<\/p>\n<p>Wir wollen den ankommenden Menschen bei der Integration in der fremden, neuen Welt helfen. Die\u00a0Motivation\u00a0vieler Ehrenamtlichen ist die Dankbarkeit f\u00fcr das eigene Wohl, eine eigene Migrationsgeschichte und der Wunsch durch gute Integration der Neuank\u00f6mmlinge den sozialen Frieden in Stetten zu erhalten. Deshalb wollen sie den Menschen, die ihre Heimat und Hab und Gut verloren haben, etwas abgeben.<\/p>\n<h2>FiS-Arbeitsbereiche:<\/h2>\n<ul>\n<li>Sprachbegleitung \/ Sprachf\u00f6rderung<\/li>\n<li>Alltagsbegleitung<\/li>\n<li>Freizeitgestaltung<\/li>\n<li>Kleiderkammer \/ Fahrr\u00e4der<\/li>\n<li>Treffpunkt Fl\u00fcchtlinge \/ B\u00fcrger<\/li>\n<li>Gemeinn\u00fctzige T\u00e4tigkeiten<\/li>\n<\/ul>\n<p><strong>FiS-Steuerteam:<\/strong> Das FIS-Plenum hat f\u00fcnf Personen gew\u00e4hlt, die sich um die Koordination und Organisation von FiS k\u00fcmmern.<\/p>\n<h2>Unsere Anliegen:<\/h2>\n<ul>\n<li>Wir wollen die \u201eStettener\u201c Fl\u00fcchtlinge auf eine gute Art und Weise hier im Ort Willkommen hei\u00dfen und ihnen Hilfestellung in den ersten Monaten hier geben.<\/li>\n<li>Wir m\u00f6chten m\u00f6glichst viele B\u00fcrgerinnen und B\u00fcrger zur Begegnung mit den Fl\u00fcchtlingen einladen.<\/li>\n<li>Wir wollen f\u00fcr ein gutes Miteinander zwischen B\u00fcrgerinnen und B\u00fcrgern und den Fl\u00fcchtlingen sorgen und sind daf\u00fcr u.a. im Kontakt mit den ortsans\u00e4ssigen Vereinen.<\/li>\n<li>Wir m\u00f6chten auch Ansprechpartner f\u00fcr diejenigen sein, die kritische Fragen, \u00c4ngste und Sorgen bez\u00fcglich der ankommenden Fl\u00fcchtlinge haben.<\/li>\n<\/ul>\n<p>Wenn Sie unsere Arbeit aktiv unterst\u00fctzen wollen, so melden Sie sich gerne per Mail oder \u00fcber das <a href=\"http:\/\/fis-stetten.de\/wordpress\/?page_id=18\">Kontaktformular<\/a> bei uns, in allen Bereichen k\u00f6nnen wir noch weitere Helfer gebrauchen.<\/p>\n<h2>Spenden<\/h2>\n<p>Wenn Sie uns finanziell unterst\u00fctzen wollen, so k\u00f6nnen Sie uns \u00fcber das Konto bei der Evang. Kirchengemeinde Stetten eine Spende zukommen lassen:<\/p>\n<p style=\"padding-left: 30px;\">Stichwort &#8222;FiS&#8220;<br \/>\nVolksbank Filder<br \/>\nIBAN: DE98 6116 1696 0260 2120 08<br \/>\nBIC: GENODES 1NHB<\/p>\n<p>Was an Spenden gebraucht wird, k\u00f6nnen Sie der daf\u00fcr eingerichteten Rubrik <strong>\u201eInfo zur Kleiderkammer\u201c<\/strong> (rechte Spalte) entnehmen.<\/p>\n","protected":false},"excerpt":{"rendered":"<p>FiS ist eine Gruppe von Ehrenamtlichen, derzeit 60 bis 80 Personen, die sich f\u00fcr die Fl\u00fcchtlingsarbeit im N\u00f6dinger Hof in Leinfelden-Echterdingen Stetten engagieren. Wir verstehen uns als \u00fcberkonfessionelle und offene Arbeit. Wir wollen den ankommenden Menschen bei der Integration in der fremden, neuen Welt helfen. Die\u00a0Motivation\u00a0vieler Ehrenamtlichen ist die Dankbarkeit f\u00fcr das eigene Wohl, eine &hellip; <a href=\"http:\/\/fis-stetten.de\/wordpress\/ueber-fis\/\" class=\"more-link\"><span class=\"screen-reader-text\">\u00dcber FiS<\/span> weiterlesen <span class=\"meta-nav\">&rarr;<\/span><\/a><\/p>\n","protected":false},"author":1,"featured_media":0,"parent":0,"menu_order":0,"comment_status":"closed","ping_status":"closed","template":"","meta":[],"_links":{"self":[{"href":"http:\/\/fis-stetten.de\/wordpress\/wp-json\/wp\/v2\/pages\/16"}],"collection":[{"href":"http:\/\/fis-stetten.de\/wordpress\/wp-json\/wp\/v2\/pages"}],"about":[{"href":"http:\/\/fis-stetten.de\/wordpress\/wp-json\/wp\/v2\/types\/page"}],"author":[{"embeddable":true,"href":"http:\/\/fis-stetten.de\/wordpress\/wp-json\/wp\/v2\/users\/1"}],"replies":[{"embeddable":true,"href":"http:\/\/fis-stetten.de\/wordpress\/wp-json\/wp\/v2\/comments?post=16"}],"version-history":[{"count":12,"href":"http:\/\/fis-stetten.de\/wordpress\/wp-json\/wp\/v2\/pages\/16\/revisions"}],"predecessor-version":[{"id":1031,"href":"http:\/\/fis-stetten.de\/wordpress\/wp-json\/wp\/v2\/pages\/16\/revisions\/1031"}],"wp:attachment":[{"href":"http:\/\/fis-stetten.de\/wordpress\/wp-json\/wp\/v2\/media?parent=16"}],"curies":[{"name":"wp","href":"https:\/\/api.w.org\/{rel}","templated":true}]}}